{"id":6945,"date":"2024-06-11T16:29:41","date_gmt":"2024-06-11T14:29:41","guid":{"rendered":"https:\/\/domaineducloitre.fr\/?page_id=6945"},"modified":"2025-06-11T08:32:03","modified_gmt":"2025-06-11T06:32:03","slug":"reservation-hotel-pleneuf","status":"publish","type":"page","link":"https:\/\/domaineducloitre.fr\/en\/reservation-hotel-pleneuf\/","title":{"rendered":"Holiday Hotel Pleneuf"},"content":{"rendered":"<div data-elementor-type=\"wp-page\" data-elementor-id=\"6945\" class=\"elementor elementor-6945\" data-elementor-post-type=\"page\">\n\t\t\t\t\t\t<section class=\"elementor-section elementor-top-section elementor-element elementor-element-310355ec elementor-section-stretched elementor-section-height-min-height elementor-section-boxed elementor-section-height-default elementor-section-items-middle\" data-id=\"310355ec\" data-element_type=\"section\" data-e-type=\"section\" data-settings=\"{&quot;stretch_section&quot;:&quot;section-stretched&quot;,&quot;background_background&quot;:&quot;classic&quot;,&quot;shape_divider_bottom&quot;:&quot;arrow&quot;,&quot;hoteller_ext_is_background_backdrop&quot;:&quot;false&quot;}\">\n\t\t\t\t\t\t\t<div class=\"elementor-background-overlay\"><\/div>\n\t\t\t\t\t\t<div class=\"elementor-shape elementor-shape-bottom\" aria-hidden=\"true\" data-negative=\"false\">\n\t\t\t<svg xmlns=\"http:\/\/www.w3.org\/2000\/svg\" viewbox=\"0 0 700 10\" preserveaspectratio=\"none\">\n\t<path class=\"elementor-shape-fill\" d=\"M350,10L340,0h20L350,10z\"\/>\n<\/svg>\t\t<\/div>\n\t\t\t\t\t<div class=\"elementor-container elementor-column-gap-default\">\n\t\t\t\t\t<div class=\"elementor-column elementor-col-100 elementor-top-column elementor-element elementor-element-5d9f13d0\" data-id=\"5d9f13d0\" data-element_type=\"column\" data-e-type=\"column\" data-settings=\"{&quot;hoteller_ext_link_sidemenu&quot;:&quot;false&quot;,&quot;hoteller_ext_link_fullmenu&quot;:&quot;false&quot;,&quot;hoteller_ext_link_closed_fullmenu&quot;:&quot;false&quot;,&quot;hoteller_ext_is_scrollme&quot;:&quot;false&quot;,&quot;hoteller_ext_is_smoove&quot;:&quot;false&quot;,&quot;hoteller_ext_is_parallax_mouse&quot;:&quot;false&quot;,&quot;hoteller_ext_is_infinite&quot;:&quot;false&quot;,&quot;hoteller_ext_is_fadeout_animation&quot;:&quot;false&quot;,&quot;hoteller_ext_mobile_static&quot;:&quot;false&quot;}\">\n\t\t\t<div class=\"elementor-widget-wrap elementor-element-populated\">\n\t\t\t\t\t\t<div class=\"elementor-element elementor-element-60150b28 elementor-widget__width-inherit elementor-widget elementor-widget-hoteller-animated-text\" data-id=\"60150b28\" data-element_type=\"widget\" data-e-type=\"widget\" data-settings=\"{&quot;hoteller_ext_link_sidemenu&quot;:&quot;false&quot;,&quot;hoteller_ext_link_fullmenu&quot;:&quot;false&quot;,&quot;hoteller_ext_link_closed_fullmenu&quot;:&quot;false&quot;,&quot;hoteller_ext_is_scrollme&quot;:&quot;false&quot;,&quot;hoteller_ext_is_smoove&quot;:&quot;false&quot;,&quot;hoteller_ext_is_parallax_mouse&quot;:&quot;false&quot;,&quot;hoteller_ext_is_infinite&quot;:&quot;false&quot;,&quot;hoteller_ext_is_fadeout_animation&quot;:&quot;false&quot;,&quot;hoteller_ext_mobile_static&quot;:&quot;false&quot;}\" data-widget_type=\"hoteller-animated-text.default\">\n\t\t\t\t<div class=\"elementor-widget-container\">\n\t\t\t\t\t<div class=\"themegoods-animated-text text-alignment-left transition-right overflow-visible\" data-delimiter=\"sentence\" data-transition=\"50\" data-transition-delay=\"0\" data-transition-duration=\"800\">\n\t\t<h1>\n\t\tOnline booking\t<\/h1>\n\t<\/div>\t\t\t\t<\/div>\n\t\t\t\t<\/div>\n\t\t\t\t<div class=\"elementor-element elementor-element-25ac9f59 elementor-widget__width-inherit elementor-widget elementor-widget-hoteller-animated-text\" data-id=\"25ac9f59\" data-element_type=\"widget\" data-e-type=\"widget\" data-settings=\"{&quot;hoteller_ext_link_sidemenu&quot;:&quot;false&quot;,&quot;hoteller_ext_link_fullmenu&quot;:&quot;false&quot;,&quot;hoteller_ext_link_closed_fullmenu&quot;:&quot;false&quot;,&quot;hoteller_ext_is_scrollme&quot;:&quot;false&quot;,&quot;hoteller_ext_is_smoove&quot;:&quot;false&quot;,&quot;hoteller_ext_is_parallax_mouse&quot;:&quot;false&quot;,&quot;hoteller_ext_is_infinite&quot;:&quot;false&quot;,&quot;hoteller_ext_is_fadeout_animation&quot;:&quot;false&quot;,&quot;hoteller_ext_mobile_static&quot;:&quot;false&quot;}\" data-widget_type=\"hoteller-animated-text.default\">\n\t\t\t\t<div class=\"elementor-widget-container\">\n\t\t\t\t\t<div class=\"themegoods-animated-text text-alignment-left transition-right overflow-visible\" data-delimiter=\"sentence\" data-transition=\"50\" data-transition-delay=\"200\" data-transition-duration=\"800\">\n\t\t<h1>\n\t\tAt the best rate \n\t<\/h1>\n\t<\/div>\t\t\t\t<\/div>\n\t\t\t\t<\/div>\n\t\t\t\t\t<\/div>\n\t\t<\/div>\n\t\t\t\t\t<\/div>\n\t\t<\/section>\n\t\t\t\t<section class=\"elementor-section elementor-top-section elementor-element elementor-element-8fcbf15 elementor-section-stretched elementor-section-boxed elementor-section-height-default elementor-section-height-default\" data-id=\"8fcbf15\" data-element_type=\"section\" data-e-type=\"section\" data-settings=\"{&quot;stretch_section&quot;:&quot;section-stretched&quot;,&quot;background_background&quot;:&quot;classic&quot;,&quot;hoteller_ext_is_background_parallax&quot;:&quot;false&quot;,&quot;hoteller_ext_is_background_backdrop&quot;:&quot;false&quot;,&quot;hoteller_ext_is_background_on_scroll&quot;:&quot;false&quot;}\">\n\t\t\t\t\t\t\t<div class=\"elementor-background-overlay\"><\/div>\n\t\t\t\t\t\t\t<div class=\"elementor-container elementor-column-gap-default\">\n\t\t\t\t\t<div class=\"elementor-column elementor-col-100 elementor-top-column elementor-element elementor-element-851be06\" data-id=\"851be06\" data-element_type=\"column\" data-e-type=\"column\" data-settings=\"{&quot;hoteller_ext_link_sidemenu&quot;:&quot;false&quot;,&quot;hoteller_ext_link_fullmenu&quot;:&quot;false&quot;,&quot;hoteller_ext_link_closed_fullmenu&quot;:&quot;false&quot;,&quot;hoteller_ext_is_scrollme&quot;:&quot;false&quot;,&quot;hoteller_ext_is_smoove&quot;:&quot;false&quot;,&quot;hoteller_ext_is_parallax_mouse&quot;:&quot;false&quot;,&quot;hoteller_ext_is_infinite&quot;:&quot;false&quot;,&quot;hoteller_ext_is_fadeout_animation&quot;:&quot;false&quot;,&quot;hoteller_ext_mobile_static&quot;:&quot;false&quot;}\">\n\t\t\t<div class=\"elementor-widget-wrap elementor-element-populated\">\n\t\t\t\t\t\t<div class=\"elementor-element elementor-element-ea03105 elementor-widget elementor-widget-text-editor\" data-id=\"ea03105\" data-element_type=\"widget\" data-e-type=\"widget\" data-settings=\"{&quot;hoteller_ext_link_sidemenu&quot;:&quot;false&quot;,&quot;hoteller_ext_link_fullmenu&quot;:&quot;false&quot;,&quot;hoteller_ext_link_closed_fullmenu&quot;:&quot;false&quot;,&quot;hoteller_ext_is_scrollme&quot;:&quot;false&quot;,&quot;hoteller_ext_is_smoove&quot;:&quot;false&quot;,&quot;hoteller_ext_is_parallax_mouse&quot;:&quot;false&quot;,&quot;hoteller_ext_is_infinite&quot;:&quot;false&quot;,&quot;hoteller_ext_is_fadeout_animation&quot;:&quot;false&quot;,&quot;hoteller_ext_mobile_static&quot;:&quot;false&quot;}\" data-widget_type=\"text-editor.default\">\n\t\t\t\t<div class=\"elementor-widget-container\">\n\t\t\t\t\t\t\t\t\t<p style=\"text-align: center;\"><strong>Child supp 30 \u20ac per night | Adult supp 40 \u20ac per night | Pet supp 20 \u20ac per night<\/strong><\/p>\t\t\t\t\t\t\t\t<\/div>\n\t\t\t\t<\/div>\n\t\t\t\t\t<\/div>\n\t\t<\/div>\n\t\t\t\t\t<\/div>\n\t\t<\/section>\n\t\t\t\t<section class=\"elementor-section elementor-top-section elementor-element elementor-element-e584986 elementor-section-boxed elementor-section-height-default elementor-section-height-default\" data-id=\"e584986\" data-element_type=\"section\" data-e-type=\"section\" data-settings=\"{&quot;hoteller_ext_is_background_parallax&quot;:&quot;false&quot;,&quot;hoteller_ext_is_background_backdrop&quot;:&quot;false&quot;,&quot;hoteller_ext_is_background_on_scroll&quot;:&quot;false&quot;}\">\n\t\t\t\t\t\t<div class=\"elementor-container elementor-column-gap-default\">\n\t\t\t\t\t<div class=\"elementor-column elementor-col-100 elementor-top-column elementor-element elementor-element-a19d4a3\" data-id=\"a19d4a3\" data-element_type=\"column\" data-e-type=\"column\" data-settings=\"{&quot;hoteller_ext_link_sidemenu&quot;:&quot;false&quot;,&quot;hoteller_ext_link_fullmenu&quot;:&quot;false&quot;,&quot;hoteller_ext_link_closed_fullmenu&quot;:&quot;false&quot;,&quot;hoteller_ext_is_scrollme&quot;:&quot;false&quot;,&quot;hoteller_ext_is_smoove&quot;:&quot;false&quot;,&quot;hoteller_ext_is_parallax_mouse&quot;:&quot;false&quot;,&quot;hoteller_ext_is_infinite&quot;:&quot;false&quot;,&quot;hoteller_ext_is_fadeout_animation&quot;:&quot;false&quot;,&quot;hoteller_ext_mobile_static&quot;:&quot;false&quot;}\">\n\t\t\t<div class=\"elementor-widget-wrap elementor-element-populated\">\n\t\t\t\t\t\t<div class=\"elementor-element elementor-element-6b8ed82 elementor-widget elementor-widget-shortcode\" data-id=\"6b8ed82\" data-element_type=\"widget\" data-e-type=\"widget\" data-settings=\"{&quot;hoteller_ext_link_sidemenu&quot;:&quot;false&quot;,&quot;hoteller_ext_link_fullmenu&quot;:&quot;false&quot;,&quot;hoteller_ext_link_closed_fullmenu&quot;:&quot;false&quot;,&quot;hoteller_ext_is_scrollme&quot;:&quot;false&quot;,&quot;hoteller_ext_is_smoove&quot;:&quot;false&quot;,&quot;hoteller_ext_is_parallax_mouse&quot;:&quot;false&quot;,&quot;hoteller_ext_is_infinite&quot;:&quot;false&quot;,&quot;hoteller_ext_is_fadeout_animation&quot;:&quot;false&quot;,&quot;hoteller_ext_mobile_static&quot;:&quot;false&quot;}\" data-widget_type=\"shortcode.default\">\n\t\t\t\t<div class=\"elementor-widget-container\">\n\t\t\t\t\t\t\t<div class=\"elementor-shortcode\"><\/div>\n\t\t\t\t\t\t<\/div>\n\t\t\t\t<\/div>\n\t\t\t\t\t<\/div>\n\t\t<\/div>\n\t\t\t\t\t<\/div>\n\t\t<\/section>\n\t\t\t\t<\/div>","protected":false},"excerpt":{"rendered":"<p>Reservation Best price Child supp 30 \u20ac per night | Adult supp 40 \u20ac per night | Pet supp 20 \u20ac per night<\/p>","protected":false},"author":1,"featured_media":7470,"parent":0,"menu_order":0,"comment_status":"closed","ping_status":"closed","template":"","meta":{"footnotes":""},"class_list":["post-6945","page","type-page","status-publish","has-post-thumbnail","hentry"],"yoast_head":"<!-- This site is optimized with the Yoast SEO plugin v27.3 - https:\/\/yoast.com\/product\/yoast-seo-wordpress\/ -->\n<title>R\u00e9servation H\u00f4tel Pleneuf | Le Domaine Du Clo\u00eetre<\/title>\n<meta name=\"description\" content=\"R\u00e9servation meilleur tarif \u00e0 l&#039;h\u00f4tel Le Domaine Du Clo\u00eetre \u00e0 Pl\u00e9neuf Val Andr\u00e9 en Bretagne, proche de la mer. Chambres, piscine\" \/>\n<meta name=\"robots\" content=\"index, follow, max-snippet:-1, max-image-preview:large, max-video-preview:-1\" \/>\n<link rel=\"canonical\" href=\"https:\/\/domaineducloitre.fr\/en\/reservation-hotel-pleneuf\/\" \/>\n<meta property=\"og:locale\" content=\"en_GB\" \/>\n<meta property=\"og:type\" content=\"article\" \/>\n<meta property=\"og:title\" content=\"R\u00e9servation H\u00f4tel Pleneuf | Le Domaine Du Clo\u00eetre\" \/>\n<meta property=\"og:description\" content=\"R\u00e9servation meilleur tarif \u00e0 l&#039;h\u00f4tel Le Domaine Du Clo\u00eetre \u00e0 Pl\u00e9neuf Val Andr\u00e9 en Bretagne, proche de la mer. Chambres, piscine\" \/>\n<meta property=\"og:url\" content=\"https:\/\/domaineducloitre.fr\/en\/reservation-hotel-pleneuf\/\" \/>\n<meta property=\"og:site_name\" content=\"Le Domaine Du Clo\u00eetre\" \/>\n<meta property=\"article:modified_time\" content=\"2025-06-11T06:32:03+00:00\" \/>\n<meta property=\"og:image\" content=\"https:\/\/domaineducloitre.fr\/wp-content\/uploads\/2024\/07\/unnamed.png\" \/>\n\t<meta property=\"og:image:width\" content=\"417\" \/>\n\t<meta property=\"og:image:height\" content=\"417\" \/>\n\t<meta property=\"og:image:type\" content=\"image\/png\" \/>\n<meta name=\"twitter:card\" content=\"summary_large_image\" \/>\n<meta name=\"twitter:label1\" content=\"Estimated reading time\" \/>\n\t<meta name=\"twitter:data1\" content=\"1 minute\" \/>\n<script type=\"application\/ld+json\" class=\"yoast-schema-graph\">{\"@context\":\"https:\\\/\\\/schema.org\",\"@graph\":[{\"@type\":\"WebPage\",\"@id\":\"https:\\\/\\\/domaineducloitre.fr\\\/reservation-hotel-pleneuf\\\/\",\"url\":\"https:\\\/\\\/domaineducloitre.fr\\\/reservation-hotel-pleneuf\\\/\",\"name\":\"R\u00e9servation H\u00f4tel Pleneuf | Le Domaine Du Clo\u00eetre\",\"isPartOf\":{\"@id\":\"https:\\\/\\\/domaineducloitre.fr\\\/#website\"},\"primaryImageOfPage\":{\"@id\":\"https:\\\/\\\/domaineducloitre.fr\\\/reservation-hotel-pleneuf\\\/#primaryimage\"},\"image\":{\"@id\":\"https:\\\/\\\/domaineducloitre.fr\\\/reservation-hotel-pleneuf\\\/#primaryimage\"},\"thumbnailUrl\":\"https:\\\/\\\/domaineducloitre.fr\\\/wp-content\\\/uploads\\\/2024\\\/07\\\/unnamed.png\",\"datePublished\":\"2024-06-11T14:29:41+00:00\",\"dateModified\":\"2025-06-11T06:32:03+00:00\",\"description\":\"R\u00e9servation meilleur tarif \u00e0 l'h\u00f4tel Le Domaine Du Clo\u00eetre \u00e0 Pl\u00e9neuf Val Andr\u00e9 en Bretagne, proche de la mer. Chambres, piscine\",\"breadcrumb\":{\"@id\":\"https:\\\/\\\/domaineducloitre.fr\\\/reservation-hotel-pleneuf\\\/#breadcrumb\"},\"inLanguage\":\"en-GB\",\"potentialAction\":[{\"@type\":\"ReadAction\",\"target\":[\"https:\\\/\\\/domaineducloitre.fr\\\/reservation-hotel-pleneuf\\\/\"]}]},{\"@type\":\"ImageObject\",\"inLanguage\":\"en-GB\",\"@id\":\"https:\\\/\\\/domaineducloitre.fr\\\/reservation-hotel-pleneuf\\\/#primaryimage\",\"url\":\"https:\\\/\\\/domaineducloitre.fr\\\/wp-content\\\/uploads\\\/2024\\\/07\\\/unnamed.png\",\"contentUrl\":\"https:\\\/\\\/domaineducloitre.fr\\\/wp-content\\\/uploads\\\/2024\\\/07\\\/unnamed.png\",\"width\":417,\"height\":417},{\"@type\":\"BreadcrumbList\",\"@id\":\"https:\\\/\\\/domaineducloitre.fr\\\/reservation-hotel-pleneuf\\\/#breadcrumb\",\"itemListElement\":[{\"@type\":\"ListItem\",\"position\":1,\"name\":\"Accueil\",\"item\":\"https:\\\/\\\/domaineducloitre.fr\\\/\"},{\"@type\":\"ListItem\",\"position\":2,\"name\":\"R\u00e9servation H\u00f4tel Pleneuf\"}]},{\"@type\":\"WebSite\",\"@id\":\"https:\\\/\\\/domaineducloitre.fr\\\/#website\",\"url\":\"https:\\\/\\\/domaineducloitre.fr\\\/\",\"name\":\"Le Domaine Du Clo\u00eetre |\u00a0H\u00f4tel \u00e0 Pl\u00e9neuf Val Andr\u00e9\",\"description\":\"Domaine \u00e0 Pleneuf\",\"publisher\":{\"@id\":\"https:\\\/\\\/domaineducloitre.fr\\\/#organization\"},\"potentialAction\":[{\"@type\":\"SearchAction\",\"target\":{\"@type\":\"EntryPoint\",\"urlTemplate\":\"https:\\\/\\\/domaineducloitre.fr\\\/?s={search_term_string}\"},\"query-input\":{\"@type\":\"PropertyValueSpecification\",\"valueRequired\":true,\"valueName\":\"search_term_string\"}}],\"inLanguage\":\"en-GB\"},{\"@type\":\"Organization\",\"@id\":\"https:\\\/\\\/domaineducloitre.fr\\\/#organization\",\"name\":\"Le Domaine Du Clo\u00eetre\",\"url\":\"https:\\\/\\\/domaineducloitre.fr\\\/\",\"logo\":{\"@type\":\"ImageObject\",\"inLanguage\":\"en-GB\",\"@id\":\"https:\\\/\\\/domaineducloitre.fr\\\/#\\\/schema\\\/logo\\\/image\\\/\",\"url\":\"https:\\\/\\\/domaineducloitre.fr\\\/wp-content\\\/uploads\\\/2024\\\/06\\\/declinaison_logo_cloitre_nb_plan-de-travail-1-scaled.webp\",\"contentUrl\":\"https:\\\/\\\/domaineducloitre.fr\\\/wp-content\\\/uploads\\\/2024\\\/06\\\/declinaison_logo_cloitre_nb_plan-de-travail-1-scaled.webp\",\"width\":2560,\"height\":2560,\"caption\":\"Le Domaine Du Clo\u00eetre\"},\"image\":{\"@id\":\"https:\\\/\\\/domaineducloitre.fr\\\/#\\\/schema\\\/logo\\\/image\\\/\"}}]}<\/script>\n<!-- \/ Yoast SEO plugin. -->","yoast_head_json":{"title":"Booking Hotel Pleneuf | Le Domaine Du Clo\u00eetre","description":"Book at the best rate at the hotel Le Domaine Du Clo\u00eetre at Pl\u00e9neuf Val Andr\u00e9 in Brittany, close to the sea. Rooms, swimming pool","robots":{"index":"index","follow":"follow","max-snippet":"max-snippet:-1","max-image-preview":"max-image-preview:large","max-video-preview":"max-video-preview:-1"},"canonical":"https:\/\/domaineducloitre.fr\/en\/reservation-hotel-pleneuf\/","og_locale":"en_GB","og_type":"article","og_title":"R\u00e9servation H\u00f4tel Pleneuf | Le Domaine Du Clo\u00eetre","og_description":"R\u00e9servation meilleur tarif \u00e0 l'h\u00f4tel Le Domaine Du Clo\u00eetre \u00e0 Pl\u00e9neuf Val Andr\u00e9 en Bretagne, proche de la mer. Chambres, piscine","og_url":"https:\/\/domaineducloitre.fr\/en\/reservation-hotel-pleneuf\/","og_site_name":"Le Domaine Du Clo\u00eetre","article_modified_time":"2025-06-11T06:32:03+00:00","og_image":[{"width":417,"height":417,"url":"https:\/\/domaineducloitre.fr\/wp-content\/uploads\/2024\/07\/unnamed.png","type":"image\/png"}],"twitter_card":"summary_large_image","twitter_misc":{"Estimated reading time":"1 minute"},"schema":{"@context":"https:\/\/schema.org","@graph":[{"@type":"WebPage","@id":"https:\/\/domaineducloitre.fr\/reservation-hotel-pleneuf\/","url":"https:\/\/domaineducloitre.fr\/reservation-hotel-pleneuf\/","name":"Booking Hotel Pleneuf | Le Domaine Du Clo\u00eetre","isPartOf":{"@id":"https:\/\/domaineducloitre.fr\/#website"},"primaryImageOfPage":{"@id":"https:\/\/domaineducloitre.fr\/reservation-hotel-pleneuf\/#primaryimage"},"image":{"@id":"https:\/\/domaineducloitre.fr\/reservation-hotel-pleneuf\/#primaryimage"},"thumbnailUrl":"https:\/\/domaineducloitre.fr\/wp-content\/uploads\/2024\/07\/unnamed.png","datePublished":"2024-06-11T14:29:41+00:00","dateModified":"2025-06-11T06:32:03+00:00","description":"Book at the best rate at the hotel Le Domaine Du Clo\u00eetre at Pl\u00e9neuf Val Andr\u00e9 in Brittany, close to the sea. Rooms, swimming pool","breadcrumb":{"@id":"https:\/\/domaineducloitre.fr\/reservation-hotel-pleneuf\/#breadcrumb"},"inLanguage":"en-GB","potentialAction":[{"@type":"ReadAction","target":["https:\/\/domaineducloitre.fr\/reservation-hotel-pleneuf\/"]}]},{"@type":"ImageObject","inLanguage":"en-GB","@id":"https:\/\/domaineducloitre.fr\/reservation-hotel-pleneuf\/#primaryimage","url":"https:\/\/domaineducloitre.fr\/wp-content\/uploads\/2024\/07\/unnamed.png","contentUrl":"https:\/\/domaineducloitre.fr\/wp-content\/uploads\/2024\/07\/unnamed.png","width":417,"height":417},{"@type":"BreadcrumbList","@id":"https:\/\/domaineducloitre.fr\/reservation-hotel-pleneuf\/#breadcrumb","itemListElement":[{"@type":"ListItem","position":1,"name":"Accueil","item":"https:\/\/domaineducloitre.fr\/"},{"@type":"ListItem","position":2,"name":"R\u00e9servation H\u00f4tel Pleneuf"}]},{"@type":"WebSite","@id":"https:\/\/domaineducloitre.fr\/#website","url":"https:\/\/domaineducloitre.fr\/","name":"Le Domaine Du Clo\u00eetre | Hotel in Pl\u00e9neuf Val Andr\u00e9","description":"Estate in Pleneuf","publisher":{"@id":"https:\/\/domaineducloitre.fr\/#organization"},"potentialAction":[{"@type":"SearchAction","target":{"@type":"EntryPoint","urlTemplate":"https:\/\/domaineducloitre.fr\/?s={search_term_string}"},"query-input":{"@type":"PropertyValueSpecification","valueRequired":true,"valueName":"search_term_string"}}],"inLanguage":"en-GB"},{"@type":"Organization","@id":"https:\/\/domaineducloitre.fr\/#organization","name":"Le Domaine Du Clo\u00eetre","url":"https:\/\/domaineducloitre.fr\/","logo":{"@type":"ImageObject","inLanguage":"en-GB","@id":"https:\/\/domaineducloitre.fr\/#\/schema\/logo\/image\/","url":"https:\/\/domaineducloitre.fr\/wp-content\/uploads\/2024\/06\/declinaison_logo_cloitre_nb_plan-de-travail-1-scaled.webp","contentUrl":"https:\/\/domaineducloitre.fr\/wp-content\/uploads\/2024\/06\/declinaison_logo_cloitre_nb_plan-de-travail-1-scaled.webp","width":2560,"height":2560,"caption":"Le Domaine Du Clo\u00eetre"},"image":{"@id":"https:\/\/domaineducloitre.fr\/#\/schema\/logo\/image\/"}}]}},"_links":{"self":[{"href":"https:\/\/domaineducloitre.fr\/en\/wp-json\/wp\/v2\/pages\/6945","targetHints":{"allow":["GET"]}}],"collection":[{"href":"https:\/\/domaineducloitre.fr\/en\/wp-json\/wp\/v2\/pages"}],"about":[{"href":"https:\/\/domaineducloitre.fr\/en\/wp-json\/wp\/v2\/types\/page"}],"author":[{"embeddable":true,"href":"https:\/\/domaineducloitre.fr\/en\/wp-json\/wp\/v2\/users\/1"}],"replies":[{"embeddable":true,"href":"https:\/\/domaineducloitre.fr\/en\/wp-json\/wp\/v2\/comments?post=6945"}],"version-history":[{"count":5,"href":"https:\/\/domaineducloitre.fr\/en\/wp-json\/wp\/v2\/pages\/6945\/revisions"}],"predecessor-version":[{"id":8349,"href":"https:\/\/domaineducloitre.fr\/en\/wp-json\/wp\/v2\/pages\/6945\/revisions\/8349"}],"wp:featuredmedia":[{"embeddable":true,"href":"https:\/\/domaineducloitre.fr\/en\/wp-json\/wp\/v2\/media\/7470"}],"wp:attachment":[{"href":"https:\/\/domaineducloitre.fr\/en\/wp-json\/wp\/v2\/media?parent=6945"}],"curies":[{"name":"wp","href":"https:\/\/api.w.org\/{rel}","templated":true}]}}